{"id":130,"date":"2017-11-19T18:50:02","date_gmt":"2017-11-19T17:50:02","guid":{"rendered":"http:\/\/romanistisches-kolloquium.de\/dhv\/?page_id=130"},"modified":"2026-04-07T15:05:24","modified_gmt":"2026-04-07T13:05:24","slug":"preistraegerinnen-2021","status":"publish","type":"page","link":"http:\/\/hispanistica.de\/es\/werner-krauss-preis\/preistraegerinnen-2021\/","title":{"rendered":"Preistr\u00e4gerinnen 2015"},"content":{"rendered":"<p><\/p>\n<div id=\"c4145\" class=\"csc-frame csc-frame-frame2\">\n<div class=\"csc-header csc-header-n1\">\n<h3 class=\"csc-firstHeader\">Die Preistr\u00e4gerinnen 2015<\/h3>\n<\/div>\n<div class=\"csc-textpic csc-textpic-intext-right csc-textpic-border csc-textpic-equalheight\">\n<div class=\"csc-textpic-imagewrap csc-textpic-single-image\"><a href=\"http:\/\/hispanistica.de\/wp-content\/uploads\/sites\/7\/Foto_Isabel_Exner_01.jpg\"><img loading=\"lazy\" decoding=\"async\" class=\" wp-image-310 alignright\" src=\"http:\/\/hispanistica.de\/wp-content\/uploads\/sites\/7\/Foto_Isabel_Exner_01.jpg\" alt=\"\" width=\"289\" height=\"314\" srcset=\"http:\/\/hispanistica.de\/wp-content\/uploads\/sites\/7\/Foto_Isabel_Exner_01.jpg 1408w, http:\/\/hispanistica.de\/wp-content\/uploads\/sites\/7\/Foto_Isabel_Exner_01-275x300.jpg 275w, http:\/\/hispanistica.de\/wp-content\/uploads\/sites\/7\/Foto_Isabel_Exner_01-768x837.jpg 768w, http:\/\/hispanistica.de\/wp-content\/uploads\/sites\/7\/Foto_Isabel_Exner_01-940x1024.jpg 940w, http:\/\/hispanistica.de\/wp-content\/uploads\/sites\/7\/Foto_Isabel_Exner_01-560x610.jpg 560w, http:\/\/hispanistica.de\/wp-content\/uploads\/sites\/7\/Foto_Isabel_Exner_01-260x283.jpg 260w, http:\/\/hispanistica.de\/wp-content\/uploads\/sites\/7\/Foto_Isabel_Exner_01-160x174.jpg 160w\" sizes=\"auto, (max-width: 289px) 100vw, 289px\" \/><\/a><\/div>\n<div class=\"csc-textpic-text\">\n<p class=\"bodytext\"><b>Isabel Exner (Berlin\/Saarbr\u00fccken)<\/b><\/p>\n<p class=\"bodytext\">Schmutz. Epistemologie und \u00c4sthetik eines Motivs in Literaturen und Kulturtheorien der Karibik<\/p>\n<p class=\"bodytext\">Hier finden Sie den\u00a0<a class=\"download\" title=\"Initiates file download\" href=\"http:\/\/www.hispanistica.de\/fileadmin\/verband\/dhv\/documents\/Exner_CV_Deutsch.pdf\" target=\"_blank\" rel=\"noopener\">Lebenslauf<\/a>\u00a0von Frau Exner.<\/p>\n<p class=\"bodytext\">Hier finden Sie eine\u00a0<a class=\"download\" title=\"Initiates file download\" href=\"http:\/\/www.hispanistica.de\/fileadmin\/verband\/dhv\/documents\/Exner_Schmutz_Deutsch.pdf\" target=\"_blank\" rel=\"noopener\">Zusammenfassung der Dissertation<\/a>\u00a0von Frau Exner.<\/p>\n<p class=\"bodytext\">Aqu\u00ed encuentra un\u00a0<a class=\"download\" title=\"Initiates file download\" href=\"http:\/\/www.hispanistica.de\/fileadmin\/verband\/dhv\/documents\/Exner_Schmutz_Spanisch.pdf\" target=\"_blank\" rel=\"noopener\">resumen<\/a>\u00a0del trabajo en espa\u00f1ol.<\/p>\n<\/div>\n<\/div>\n<\/div>\n<div><\/div>\n<div><\/div>\n<div><\/div>\n<div><\/div>\n<div><\/div>\n<div><\/div>\n<div><\/div>\n<div><\/div>\n<div><\/div>\n<div><\/div>\n<div id=\"c4146\" class=\"csc-frame csc-frame-frame2\">\n<div class=\"csc-textpic csc-textpic-intext-right csc-textpic-border\">\n<div class=\"csc-textpic-imagewrap csc-textpic-single-image\"><a href=\"http:\/\/hispanistica.de\/wp-content\/uploads\/sites\/7\/Peskova_Foto.jpg\"><img loading=\"lazy\" decoding=\"async\" class=\" wp-image-311 alignright\" src=\"http:\/\/hispanistica.de\/wp-content\/uploads\/sites\/7\/Peskova_Foto.jpg\" alt=\"\" width=\"318\" height=\"259\" \/><\/a><\/div>\n<div class=\"csc-textpic-text\">\n<p class=\"bodytext\"><b>Andrea Pe\u0161kov\u00e1 (Hamburg\/K\u00f6ln)<\/b><\/p>\n<p class=\"bodytext\">Sujetos pronominales en el espa\u00f1ol porte\u00f1o:<\/p>\n<p class=\"bodytext\">Implicaciones pragm\u00e1ticas en la interfaz sint\u00e1ctico-fonol\u00f3gica<\/p>\n<p class=\"bodytext\">Hier finden Sie den\u00a0<a class=\"download\" title=\"Initiates file download\" href=\"http:\/\/www.hispanistica.de\/fileadmin\/verband\/dhv\/documents\/Peskova_CV_Deutsch.pdf\" target=\"_blank\" rel=\"noopener\">Lebenslauf<\/a>\u00a0von Frau Pe\u0161kov\u00e1.<\/p>\n<p class=\"bodytext\">Hier finden Sie eine\u00a0<a class=\"download\" title=\"Initiates file download\" href=\"http:\/\/www.hispanistica.de\/fileadmin\/verband\/dhv\/documents\/Peskova_Subjektpronomen_Deutsch.pdf\" target=\"_blank\" rel=\"noopener\">Zusammenfassung der Dissertation<\/a>\u00a0von Frau Pe\u0161kov\u00e1.<\/p>\n<p class=\"bodytext\">Aqu\u00ed encuentra un\u00a0<a class=\"download\" title=\"Initiates file download\" href=\"http:\/\/www.hispanistica.de\/fileadmin\/verband\/dhv\/documents\/Peskova_Subjektpronomen_Spanisch.pdf\" target=\"_blank\" rel=\"noopener\">resumen<\/a>\u00a0del trabajo en espa\u00f1ol.<\/p>\n<\/div>\n<\/div>\n<\/div>\n<p><\/p>","protected":false},"excerpt":{"rendered":"<p>Die Preistr\u00e4gerinnen 2015 Isabel Exner (Berlin\/Saarbr\u00fccken) Schmutz. Epistemologie und \u00c4sthetik eines Motivs in Literaturen und Kulturtheorien der Karibik Hier finden Sie den\u00a0Lebenslauf\u00a0von Frau Exner. Hier finden Sie eine\u00a0Zusammenfassung der Dissertation\u00a0von Frau Exner. Aqu\u00ed encuentra un\u00a0resumen\u00a0del trabajo en espa\u00f1ol. Andrea Pe\u0161kov\u00e1&hellip;<\/p>\n<p class=\"more-link-p\"><a class=\"more-link\" href=\"http:\/\/hispanistica.de\/es\/werner-krauss-preis\/preistraegerinnen-2021\/\">Read more &rarr;<\/a><\/p>\n","protected":false},"author":2,"featured_media":0,"parent":12,"menu_order":0,"comment_status":"closed","ping_status":"closed","template":"","meta":{"footnotes":""},"class_list":["post-130","page","type-page","status-publish","hentry"],"_links":{"self":[{"href":"http:\/\/hispanistica.de\/es\/wp-json\/wp\/v2\/pages\/130","targetHints":{"allow":["GET"]}}],"collection":[{"href":"http:\/\/hispanistica.de\/es\/wp-json\/wp\/v2\/pages"}],"about":[{"href":"http:\/\/hispanistica.de\/es\/wp-json\/wp\/v2\/types\/page"}],"author":[{"embeddable":true,"href":"http:\/\/hispanistica.de\/es\/wp-json\/wp\/v2\/users\/2"}],"replies":[{"embeddable":true,"href":"http:\/\/hispanistica.de\/es\/wp-json\/wp\/v2\/comments?post=130"}],"version-history":[{"count":11,"href":"http:\/\/hispanistica.de\/es\/wp-json\/wp\/v2\/pages\/130\/revisions"}],"predecessor-version":[{"id":1566,"href":"http:\/\/hispanistica.de\/es\/wp-json\/wp\/v2\/pages\/130\/revisions\/1566"}],"up":[{"embeddable":true,"href":"http:\/\/hispanistica.de\/es\/wp-json\/wp\/v2\/pages\/12"}],"wp:attachment":[{"href":"http:\/\/hispanistica.de\/es\/wp-json\/wp\/v2\/media?parent=130"}],"curies":[{"name":"wp","href":"https:\/\/api.w.org\/{rel}","templated":true}]}}